{"id":57,"date":"2024-11-19T19:31:50","date_gmt":"2024-11-19T19:31:50","guid":{"rendered":"https:\/\/www.sukellusseuraahti.fi\/?page_id=57"},"modified":"2026-01-16T10:57:03","modified_gmt":"2026-01-16T10:57:03","slug":"laitesukelluskokeilu","status":"publish","type":"page","link":"http:\/\/www.sukellusseuraahti.fi\/index.php\/laitesukelluskokeilu\/","title":{"rendered":"Laitesukelluskokeilu"},"content":{"rendered":"\n<div class=\"wp-block-group alignfull has-accent-background-color has-background\" style=\"margin-top:0;margin-bottom:0;padding-top:var(--wp--preset--spacing--50);padding-right:var(--wp--preset--spacing--50);padding-bottom:var(--wp--preset--spacing--50);padding-left:var(--wp--preset--spacing--50)\"><div class=\"wp-block-group__inner-container is-layout-constrained wp-container-core-group-is-layout-3 wp-block-group-is-layout-constrained\">\n<div class=\"wp-block-columns alignwide is-layout-flex wp-container-core-columns-is-layout-1 wp-block-columns-is-layout-flex\">\n<div class=\"wp-block-column is-vertically-aligned-stretch is-layout-flow wp-block-column-is-layout-flow\" style=\"flex-basis:50%\">\n<div class=\"wp-block-group is-vertical is-content-justification-stretch is-layout-flex wp-container-core-group-is-layout-2 wp-block-group-is-layout-flex\" style=\"min-height:100%\">\n<p class=\"has-heading-font-family has-medium-font-size\" style=\"line-height:1.2\">Laitesukelluskokeilu on helppo, nopea ja edullinen tapa p\u00e4\u00e4st\u00e4 kokeilemaan, milt\u00e4 laitesukellus tuntuu. Hengitt\u00e4minen veden alla ja painottomana leijailu on unohtumaton ja ainutlaatuinen kokemus. Perehdyt\u00e4mme ensin laitesukelluksen teoriaan ja tutustutaan laitesukellusvarusteisiin. Sukelluksen kesto on noin 10-30 min. Kokeilun j\u00e4lkeen voit ilmoittautua laitesukelluksen peruskurssille.<\/p>\n\n\n\n<p class=\"has-heading-font-family has-medium-font-size\" style=\"line-height:1.2\">Ohjattu laitesukelluskokeilu on turvallinen ja mukava tapa p\u00e4\u00e4st\u00e4 kokeilemaan, tuntuuko laji omalta ja her\u00e4\u00e4k\u00f6 kiinnostus osallistua laitesukelluksen peruskurssille.<br>Ensimm\u00e4iset allasharjoitteet tehd\u00e4\u00e4n metrin syvyisess\u00e4 vedess\u00e4 omin jaloin seisten. Kun harjoitteet alkavat tuntua luontevilta ja kiinnostus kasvaa, voidaan pikkuhiljaa siirty\u00e4 sukellusasentoon, laskeutua pohjan tuntumaan ja aloittaa sukelluskokeilu.<\/p>\n\n\n\n<p class=\"has-heading-font-family has-medium-font-size\" style=\"line-height:1.2\">Kaikki harjoitteet tehd\u00e4\u00e4n turvallisesti yhdess\u00e4 kouluttajan kanssa.<\/p>\n\n\n\n<p class=\"has-heading-font-family has-medium-font-size\" style=\"line-height:1.2\">Me huolehdimme kaikista varusteista ja tarvikkeista. Mukaan tarvitset vain uimapuvun ja pyyhkeen. Mukaan kannattaa ottaa my\u00f6s esim. t-paita, joka puetaan p\u00e4\u00e4lle ennen altaaseen menoa, jotta varusteiden hihnastot eiv\u00e4t hierr\u00e4 ihoa vasten.<\/p>\n\n\n\n<p class=\"has-heading-font-family has-medium-font-size\" style=\"line-height:1.2\">Laitesukelluskokeiluun voivat osallistua kaikki v\u00e4hint\u00e4\u00e4n 15 vuotta t\u00e4ytt\u00e4neet lajista kiinnostuneet henkil\u00f6t, joilla on normaali terveys. Alaik\u00e4isten osallistumiseen tulee olla huoltajan allekirjoittama suostumus. Mik\u00e4li sinulla on terveysrajoitteita, asiasta kannattaa keskustella ensin oman l\u00e4\u00e4k\u00e4rin kanssa.<br>Huomioithan, ett\u00e4 laitesukelluskokeilu on el\u00e4mys eik\u00e4 anna valmiuksia itsen\u00e4iseen sukellusharrastukseen, vaan sit\u00e4 varten on suoritettava laitesukelluksen peruskurssi.<\/p>\n\n\n\n<div class=\"wp-block-group is-content-justification-left\"><div class=\"wp-block-group__inner-container is-layout-constrained wp-container-core-group-is-layout-1 wp-block-group-is-layout-constrained\">\n<p class=\"has-primary-color has-text-color has-link-color has-large-font-size wp-elements-e4be97899d6dfa5e2aa444f4f3f14263 wp-container-content-1\">Seuraavista laitesukelluksen kokeilup\u00e4ivist\u00e4 eli introista, ilmoitamme <a href=\"https:\/\/www.sukellusseuraahti.fi\/?page_id=63&amp;preview=true\">Ajankohtaista<\/a> sivulla sek\u00e4 somessa. Seuraa ilmoittelua tai ole yhteydess\u00e4 sukellusseuraamme.<\/p>\n\n\n\n<p>sukellusseuraahti@gmail.com<\/p>\n<\/div><\/div>\n<\/div>\n<\/div>\n\n\n\n<div class=\"wp-block-column is-vertically-aligned-center is-layout-flow wp-block-column-is-layout-flow\" style=\"flex-basis:50%\">\n<figure class=\"wp-block-gallery has-nested-images columns-default is-cropped wp-block-gallery-1 is-layout-flex wp-block-gallery-is-layout-flex\">\n<figure class=\"wp-block-image size-large is-style-rounded\"><img loading=\"lazy\" decoding=\"async\" width=\"1024\" height=\"1024\" src=\"http:\/\/www.sukellusseuraahti.fi\/wp-content\/uploads\/2024\/11\/uimahallikuva-edited-1024x1024.jpg\" alt=\"\" class=\"wp-image-45\" style=\"aspect-ratio:3\/4;object-fit:cover\" srcset=\"http:\/\/www.sukellusseuraahti.fi\/wp-content\/uploads\/2024\/11\/uimahallikuva-edited-1024x1024.jpg 1024w, http:\/\/www.sukellusseuraahti.fi\/wp-content\/uploads\/2024\/11\/uimahallikuva-edited-300x300.jpg 300w, http:\/\/www.sukellusseuraahti.fi\/wp-content\/uploads\/2024\/11\/uimahallikuva-edited-150x150.jpg 150w, http:\/\/www.sukellusseuraahti.fi\/wp-content\/uploads\/2024\/11\/uimahallikuva-edited-768x768.jpg 768w, http:\/\/www.sukellusseuraahti.fi\/wp-content\/uploads\/2024\/11\/uimahallikuva-edited.jpg 1536w\" sizes=\"auto, (max-width: 1024px) 100vw, 1024px\" \/><\/figure>\n<\/figure>\n<\/div>\n<\/div>\n<\/div><\/div>\n\n\n\n<figure class=\"wp-block-image size-large\"><img loading=\"lazy\" decoding=\"async\" width=\"768\" height=\"1024\" src=\"http:\/\/www.sukellusseuraahti.fi\/wp-content\/uploads\/2024\/11\/1000009685-768x1024.jpg\" alt=\"\" class=\"wp-image-70\" srcset=\"http:\/\/www.sukellusseuraahti.fi\/wp-content\/uploads\/2024\/11\/1000009685-768x1024.jpg 768w, http:\/\/www.sukellusseuraahti.fi\/wp-content\/uploads\/2024\/11\/1000009685-225x300.jpg 225w, http:\/\/www.sukellusseuraahti.fi\/wp-content\/uploads\/2024\/11\/1000009685-1152x1536.jpg 1152w, http:\/\/www.sukellusseuraahti.fi\/wp-content\/uploads\/2024\/11\/1000009685.jpg 1536w\" sizes=\"auto, (max-width: 768px) 100vw, 768px\" \/><\/figure>\n\n\n\n<figure class=\"wp-block-image size-large\"><img loading=\"lazy\" decoding=\"async\" width=\"1024\" height=\"768\" src=\"http:\/\/www.sukellusseuraahti.fi\/wp-content\/uploads\/2024\/11\/1000009631-1024x768.jpg\" alt=\"\" class=\"wp-image-69\" srcset=\"http:\/\/www.sukellusseuraahti.fi\/wp-content\/uploads\/2024\/11\/1000009631-1024x768.jpg 1024w, http:\/\/www.sukellusseuraahti.fi\/wp-content\/uploads\/2024\/11\/1000009631-300x225.jpg 300w, http:\/\/www.sukellusseuraahti.fi\/wp-content\/uploads\/2024\/11\/1000009631-768x576.jpg 768w, http:\/\/www.sukellusseuraahti.fi\/wp-content\/uploads\/2024\/11\/1000009631-1536x1152.jpg 1536w, http:\/\/www.sukellusseuraahti.fi\/wp-content\/uploads\/2024\/11\/1000009631.jpg 1600w\" sizes=\"auto, (max-width: 1024px) 100vw, 1024px\" \/><\/figure>\n\n\n\n<figure class=\"wp-block-image size-full\"><img loading=\"lazy\" decoding=\"async\" width=\"940\" height=\"788\" src=\"http:\/\/www.sukellusseuraahti.fi\/wp-content\/uploads\/2026\/01\/sukellusintron-mainos.png\" alt=\"\" class=\"wp-image-306\" srcset=\"http:\/\/www.sukellusseuraahti.fi\/wp-content\/uploads\/2026\/01\/sukellusintron-mainos.png 940w, http:\/\/www.sukellusseuraahti.fi\/wp-content\/uploads\/2026\/01\/sukellusintron-mainos-300x251.png 300w, http:\/\/www.sukellusseuraahti.fi\/wp-content\/uploads\/2026\/01\/sukellusintron-mainos-768x644.png 768w\" sizes=\"auto, (max-width: 940px) 100vw, 940px\" \/><\/figure>\n\n\n\n<figure class=\"wp-block-image size-full\"><img loading=\"lazy\" decoding=\"async\" width=\"940\" height=\"788\" src=\"http:\/\/www.sukellusseuraahti.fi\/wp-content\/uploads\/2026\/01\/P1-nettisivuille.jpg\" alt=\"\" class=\"wp-image-323\" srcset=\"http:\/\/www.sukellusseuraahti.fi\/wp-content\/uploads\/2026\/01\/P1-nettisivuille.jpg 940w, http:\/\/www.sukellusseuraahti.fi\/wp-content\/uploads\/2026\/01\/P1-nettisivuille-300x251.jpg 300w, http:\/\/www.sukellusseuraahti.fi\/wp-content\/uploads\/2026\/01\/P1-nettisivuille-768x644.jpg 768w\" sizes=\"auto, (max-width: 940px) 100vw, 940px\" \/><\/figure>\n","protected":false},"excerpt":{"rendered":"<p>Laitesukelluskokeilu on helppo, nopea ja edullinen tapa p\u00e4\u00e4st\u00e4 kokeilemaan, milt\u00e4 laitesukellus tuntuu. Hengitt\u00e4minen veden alla ja painottomana leijailu on unohtumaton ja ainutlaatuinen kokemus. Perehdyt\u00e4mme ensin laitesukelluksen teoriaan ja tutustutaan laitesukellusvarusteisiin. Sukelluksen kesto on noin 10-30 min. Kokeilun j\u00e4lkeen voit ilmoittautua laitesukelluksen peruskurssille. Ohjattu laitesukelluskokeilu on turvallinen ja mukava tapa p\u00e4\u00e4st\u00e4 kokeilemaan, tuntuuko laji omalta ja [&hellip;]<\/p>\n","protected":false},"author":1,"featured_media":0,"parent":0,"menu_order":0,"comment_status":"closed","ping_status":"closed","template":"","meta":{"footnotes":""},"class_list":["post-57","page","type-page","status-publish","hentry"],"_links":{"self":[{"href":"http:\/\/www.sukellusseuraahti.fi\/index.php\/wp-json\/wp\/v2\/pages\/57","targetHints":{"allow":["GET"]}}],"collection":[{"href":"http:\/\/www.sukellusseuraahti.fi\/index.php\/wp-json\/wp\/v2\/pages"}],"about":[{"href":"http:\/\/www.sukellusseuraahti.fi\/index.php\/wp-json\/wp\/v2\/types\/page"}],"author":[{"embeddable":true,"href":"http:\/\/www.sukellusseuraahti.fi\/index.php\/wp-json\/wp\/v2\/users\/1"}],"replies":[{"embeddable":true,"href":"http:\/\/www.sukellusseuraahti.fi\/index.php\/wp-json\/wp\/v2\/comments?post=57"}],"version-history":[{"count":9,"href":"http:\/\/www.sukellusseuraahti.fi\/index.php\/wp-json\/wp\/v2\/pages\/57\/revisions"}],"predecessor-version":[{"id":325,"href":"http:\/\/www.sukellusseuraahti.fi\/index.php\/wp-json\/wp\/v2\/pages\/57\/revisions\/325"}],"wp:attachment":[{"href":"http:\/\/www.sukellusseuraahti.fi\/index.php\/wp-json\/wp\/v2\/media?parent=57"}],"curies":[{"name":"wp","href":"https:\/\/api.w.org\/{rel}","templated":true}]}}