{"id":41,"date":"2024-11-19T19:32:28","date_gmt":"2024-11-19T19:32:28","guid":{"rendered":"https:\/\/www.sukellusseuraahti.fi\/?page_id=41"},"modified":"2026-03-10T10:29:38","modified_gmt":"2026-03-10T10:29:38","slug":"uimahallivuorot","status":"publish","type":"page","link":"http:\/\/www.sukellusseuraahti.fi\/index.php\/uimahallivuorot\/","title":{"rendered":"Uimahallivuorot"},"content":{"rendered":"\n<div class=\"wp-block-group alignfull has-accent-background-color has-background\" style=\"margin-top:0;margin-bottom:0;padding-top:var(--wp--preset--spacing--50);padding-right:var(--wp--preset--spacing--50);padding-bottom:var(--wp--preset--spacing--50);padding-left:var(--wp--preset--spacing--50)\"><div class=\"wp-block-group__inner-container is-layout-constrained wp-container-core-group-is-layout-3 wp-block-group-is-layout-constrained\">\n<div class=\"wp-block-columns alignwide is-layout-flex wp-container-core-columns-is-layout-1 wp-block-columns-is-layout-flex\">\n<div class=\"wp-block-column is-vertically-aligned-stretch is-layout-flow wp-block-column-is-layout-flow\" style=\"flex-basis:50%\">\n<div class=\"wp-block-group is-vertical is-content-justification-stretch is-layout-flex wp-container-core-group-is-layout-2 wp-block-group-is-layout-flex\" style=\"min-height:100%\">\n<p class=\"has-heading-font-family has-x-large-font-size\" style=\"line-height:1.2\">Seurallamme on vakituinen uimahallivuoro koko talvikauden. Liikuntakeskus Uikon uimahallissa.<\/p>\n\n\n\n<p class=\"has-large-font-size\">Syyslukukausi 2025: 26.10.-21.12. <strong>Sunnuntaisin klo 17.00 &#8211; 18.30<\/strong><\/p>\n\n\n\n<p class=\"has-large-font-size\">Kev\u00e4tlukukausi 2026: 11.1.-26.4. <strong>Sunnuntaisin klo 17.00 &#8211; 18.30<\/strong> (Huom! Ei uintivuoroa 5.4. p\u00e4\u00e4si\u00e4isp\u00e4iv\u00e4n\u00e4.)<\/p>\n\n\n\n<div class=\"wp-block-group is-content-justification-left\"><div class=\"wp-block-group__inner-container is-layout-constrained wp-container-core-group-is-layout-1 wp-block-group-is-layout-constrained\">\n<p class=\"has-large-font-size wp-container-content-1\">Uimahalli sijaitsee osoitteessa: Kalliontie 59, 85500 Nivala<\/p>\n\n\n\n<div class=\"wp-block-buttons is-layout-flex wp-block-buttons-is-layout-flex\">\n<div class=\"wp-block-button has-custom-font-size has-normal-font-size\"><a class=\"wp-block-button__link has-text-align-center wp-element-button\" href=\"https:\/\/liikunta.nivala.fi\/\">Klikkaa t\u00e4st\u00e4: Tutustu Liikuntakeskus Uikkoon<\/a><\/div>\n<\/div>\n<\/div><\/div>\n<\/div>\n<\/div>\n\n\n\n<div class=\"wp-block-column is-vertically-aligned-center is-layout-flow wp-block-column-is-layout-flow\" style=\"flex-basis:50%\">\n<figure class=\"wp-block-image size-large is-style-rounded\"><img loading=\"lazy\" decoding=\"async\" width=\"1024\" height=\"681\" src=\"http:\/\/www.sukellusseuraahti.fi\/wp-content\/uploads\/2024\/11\/uimahalli-1024x681.png\" alt=\"\" class=\"wp-image-42\" style=\"aspect-ratio:3\/4;object-fit:cover\" srcset=\"http:\/\/www.sukellusseuraahti.fi\/wp-content\/uploads\/2024\/11\/uimahalli-1024x681.png 1024w, http:\/\/www.sukellusseuraahti.fi\/wp-content\/uploads\/2024\/11\/uimahalli-300x199.png 300w, http:\/\/www.sukellusseuraahti.fi\/wp-content\/uploads\/2024\/11\/uimahalli-768x510.png 768w, http:\/\/www.sukellusseuraahti.fi\/wp-content\/uploads\/2024\/11\/uimahalli.png 1175w\" sizes=\"auto, (max-width: 1024px) 100vw, 1024px\" \/><\/figure>\n<\/div>\n<\/div>\n<\/div><\/div>\n\n\n\n<div class=\"wp-block-group alignfull has-base-background-color has-background\" style=\"margin-top:0;margin-bottom:0;padding-top:var(--wp--preset--spacing--50);padding-right:var(--wp--preset--spacing--50);padding-bottom:var(--wp--preset--spacing--50);padding-left:var(--wp--preset--spacing--50)\"><div class=\"wp-block-group__inner-container is-layout-constrained wp-container-core-group-is-layout-4 wp-block-group-is-layout-constrained\">\n<div class=\"wp-block-columns alignwide is-layout-flex wp-container-core-columns-is-layout-3 wp-block-columns-is-layout-flex\">\n<div class=\"wp-block-column is-layout-flow wp-block-column-is-layout-flow\" style=\"flex-basis:60%\">\n<p class=\"has-heading-font-family has-x-large-font-size\" style=\"line-height:1.2\">Hyv\u00e4 tiet\u00e4\u00e4&#8230;<\/p>\n\n\n\n<div class=\"wp-block-columns is-layout-flex wp-container-core-columns-is-layout-2 wp-block-columns-is-layout-flex\">\n<div class=\"wp-block-column is-layout-flow wp-block-column-is-layout-flow\">\n<p class=\"wp-container-content-2\">Ajoita saapumisesi ENNEN klo 17.00, sill\u00e4 Uikon p\u00e4\u00e4ovet menev\u00e4t tuolloin lukkoon. <strong>K\u00e4ytet\u00e4\u00e4n p\u00e4\u00e4asiassa Uikon p\u00e4\u00e4ovea kulkemiseen.<\/strong> Sukellusvarusteiden kanssa tullessa, kannattaa k\u00e4ytt\u00e4\u00e4 Uikon takaovea (henkil\u00f6kunnan ovi), sovi siit\u00e4 ennakkoon esim. seuran whatsapp-ryhmiss\u00e4. Tuolloin uimavuoron vastuuhenkil\u00f6 on ovea aukaisemassa. Uimavuoron vastuuhenkil\u00f6n on oltava kuitenkin altaalla viimeist\u00e4\u00e4n klo 16.55, joten saapuminen varusteiden kanssa ennen sit\u00e4.<\/p>\n\n\n\n<p>K\u00e4yt\u00e4mme ryhm\u00e4pukuhuoneita. Kaappien avaimet saa tiskilt\u00e4.<\/p>\n\n\n\n<p>Uimavuoro p\u00e4\u00e4ttyy klo 18.30. <\/p>\n<\/div>\n\n\n\n<div class=\"wp-block-column is-layout-flow wp-block-column-is-layout-flow\">\n<p>Sukellusvarusteiden on ehdottomasti oltava puhtaita, ennen altaaseen vienti\u00e4. Jos  laitteillasi on sukellettu viimeksi ulkovesiss\u00e4, huuhtele varusteet huolellisesti  suihkussa ennen altaaseen vienti\u00e4. Ulkojalkineilla allastilaan meno on kielletty\u00e4.<\/p>\n\n\n\n<p>Allasvuoro on tarkoitettu j\u00e4senille ja heid\u00e4n perheenj\u00e4senilleen (samassa taloudessa asuvat). <strong>Uimataidottomat ovat aina ensisijaisesti vanhempiensa vastuulla.<\/strong> <strong>Pid\u00e4 siis huoli lapsistasi olemalla koko ajan heid\u00e4n kanssaan ja keskityt heihin.<\/strong><\/p>\n\n\n\n<p>Noudatamme uimahallin j\u00e4rjestyss\u00e4\u00e4nt\u00f6j\u00e4 my\u00f6s omalla uintivuorollamme.<\/p>\n\n\n\n<p>Uimavuorolla on aina vastuuhenkil\u00f6 valvomassa uintia, tunnistat vastuuhenkil\u00f6n keltaisesta liivist\u00e4.<\/p>\n<\/div>\n<\/div>\n<\/div>\n<\/div>\n<\/div><\/div>\n\n\n\n<div class=\"wp-block-group alignfull has-accent-5-background-color has-background\" style=\"margin-top:0;margin-bottom:0;padding-top:var(--wp--preset--spacing--50);padding-right:var(--wp--preset--spacing--50);padding-bottom:var(--wp--preset--spacing--50);padding-left:var(--wp--preset--spacing--50)\"><div class=\"wp-block-group__inner-container is-layout-constrained wp-container-core-group-is-layout-5 wp-block-group-is-layout-constrained\">\n<div class=\"wp-block-columns alignwide is-layout-flex wp-container-core-columns-is-layout-4 wp-block-columns-is-layout-flex\">\n<div class=\"wp-block-column is-vertically-aligned-center is-layout-flow wp-block-column-is-layout-flow\" style=\"flex-basis:60%\">\n<figure class=\"wp-block-image size-full is-resized is-style-rounded wp-duotone-varpresetduotoneduotone-1-1\"><img loading=\"lazy\" decoding=\"async\" width=\"1536\" height=\"1536\" src=\"https:\/\/www.sukellusseuraahti.fi\/wp-content\/uploads\/2024\/11\/uimahallikuva-edited.jpg\" alt=\"\" class=\"wp-image-45\" style=\"aspect-ratio:1.3333333333333333;object-fit:cover;width:577px;height:auto\" srcset=\"http:\/\/www.sukellusseuraahti.fi\/wp-content\/uploads\/2024\/11\/uimahallikuva-edited.jpg 1536w, http:\/\/www.sukellusseuraahti.fi\/wp-content\/uploads\/2024\/11\/uimahallikuva-edited-300x300.jpg 300w, http:\/\/www.sukellusseuraahti.fi\/wp-content\/uploads\/2024\/11\/uimahallikuva-edited-1024x1024.jpg 1024w, http:\/\/www.sukellusseuraahti.fi\/wp-content\/uploads\/2024\/11\/uimahallikuva-edited-150x150.jpg 150w, http:\/\/www.sukellusseuraahti.fi\/wp-content\/uploads\/2024\/11\/uimahallikuva-edited-768x768.jpg 768w\" sizes=\"auto, (max-width: 1536px) 100vw, 1536px\" \/><\/figure>\n<\/div>\n\n\n\n<div class=\"wp-block-column is-layout-flow wp-block-column-is-layout-flow\" style=\"flex-basis:40%\">\n<h2 class=\"wp-block-heading\">Allasvuoromme tarjoaa erinomaisen ymp\u00e4rist\u00f6n sukellustaitojen kehitt\u00e4miseen ja yll\u00e4pit\u00e4miseen. Valmistaudutaan yhdess\u00e4 tuleviin sukellusseikkailuihin!<\/h2>\n<\/div>\n<\/div>\n<\/div><\/div>\n\n\n\n<h2 class=\"wp-block-heading alignwide has-base-color has-text-color has-link-color wp-elements-86162bc01bfd24b66ed5ee2570e69664\" style=\"font-size:10rem;letter-spacing:-0.02em\"><\/h2>\n\n\n\n<div class=\"wp-block-group alignfull has-base-color has-accent-2-background-color has-text-color has-background has-link-color wp-elements-bff65eb0a5c6488eaf43985a149ce11b\" style=\"margin-top:0;margin-bottom:0;padding-top:var(--wp--preset--spacing--50);padding-right:var(--wp--preset--spacing--50);padding-bottom:var(--wp--preset--spacing--50);padding-left:var(--wp--preset--spacing--50)\"><div class=\"wp-block-group__inner-container is-layout-constrained wp-container-core-group-is-layout-7 wp-block-group-is-layout-constrained\">\n<div class=\"wp-block-group alignwide\"><div class=\"wp-block-group__inner-container is-layout-flow wp-block-group-is-layout-flow\">\n<hr class=\"wp-block-separator has-text-color has-base-color has-alpha-channel-opacity has-base-background-color has-background is-style-wide\" style=\"margin-top:var(--wp--preset--spacing--30);margin-bottom:var(--wp--preset--spacing--30)\"\/>\n\n\n\n<h3 class=\"wp-block-heading alignwide has-base-2-color has-text-color has-link-color wp-elements-ba072471e12d7ec63683b10b26fea246\">Tekniikan hallinta ja v\u00e4lineiden k\u00e4ytt\u00f6\u00f6n tottuminen<\/h3>\n\n\n\n<p class=\"has-contrast-1-color has-text-color has-link-color wp-elements-3527f1e258d5e89df1f88b2e6667199a\">S\u00e4\u00e4nn\u00f6llinen harjoittelu parantaa sukellustekniikoiden, kuten kelluvuuden, tasapainon ja hengityksen hallintaa. Kun n\u00e4m\u00e4 taidot ovat kehittyneet, sukeltaja pystyy liikkumaan veden alla hallitummin ja turvallisemmin. Harjoittelemalla sukeltaja oppii tuntemaan sukellusv\u00e4lineens\u00e4 hyvin. T\u00e4m\u00e4 tarkoittaa, ett\u00e4 mahdollisessa h\u00e4t\u00e4tilanteessa v\u00e4lineiden k\u00e4ytt\u00f6 sujuu nopeasti ja ilman stressi\u00e4.<\/p>\n\n\n\n<hr class=\"wp-block-separator has-text-color has-base-color has-alpha-channel-opacity has-base-background-color has-background is-style-wide\" style=\"margin-top:var(--wp--preset--spacing--30);margin-bottom:var(--wp--preset--spacing--30)\"\/>\n\n\n\n<h3 class=\"wp-block-heading alignwide has-base-2-color has-text-color has-link-color wp-elements-3b3b803e632bb7943edae11c72b189ec\">Fyysisen kunnon yll\u00e4pit\u00e4minen<\/h3>\n\n\n\n<p class=\"has-contrast-1-color has-text-color has-link-color wp-elements-8b8afa85a0c3d401b00210e35d1de8a0\">Sukeltaminen vaatii hyv\u00e4\u00e4 peruskuntoa, joten s\u00e4\u00e4nn\u00f6llinen harjoittelu auttaa yll\u00e4pit\u00e4m\u00e4\u00e4n fyysist\u00e4 kuntoa, mik\u00e4 puolestaan parantaa jaksamista ja v\u00e4hent\u00e4\u00e4 v\u00e4symisen riski\u00e4 sukelluksen aikana. <\/p>\n\n\n\n<hr class=\"wp-block-separator has-text-color has-base-color has-alpha-channel-opacity has-base-background-color has-background is-style-wide\" style=\"margin-top:var(--wp--preset--spacing--30);margin-bottom:var(--wp--preset--spacing--30)\"\/>\n\n\n\n<h3 class=\"wp-block-heading alignwide has-base-2-color has-text-color has-link-color wp-elements-a7d9f66a8a30fb006198b8b3a5a8040e\">Kehittynyt riskienhallinta ja itseluottamus<\/h3>\n\n\n\n<p class=\"has-contrast-1-color has-text-color has-link-color wp-elements-d2831a23e975bf380e892c6a31f883ca\">S\u00e4\u00e4nn\u00f6llinen harjoittelu kehitt\u00e4\u00e4 sukeltajan riskienhallintakyky\u00e4 ja arviointitaitoja, jolloin h\u00e4n voi paremmin ennakoida ja v\u00e4ltt\u00e4\u00e4 vaaratilanteita. Kun sukeltaja tuntee hallitsevansa tekniikan ja v\u00e4lineet, h\u00e4nen itseluottamuksensa kasvaa, mik\u00e4 auttaa pysym\u00e4\u00e4n rauhallisena kaikissa tilanteissa. Rauhallisuus on erityisen t\u00e4rke\u00e4\u00e4 veden alla.<\/p>\n\n\n\n<hr class=\"wp-block-separator has-text-color has-base-color has-alpha-channel-opacity has-base-background-color has-background is-style-wide\" style=\"margin-top:var(--wp--preset--spacing--30);margin-bottom:var(--wp--preset--spacing--30)\"\/>\n\n\n\n<h3 class=\"wp-block-heading alignwide has-base-2-color has-text-color has-link-color wp-elements-270e65fe65816c4e14b34bffa91fb2bc\">Sukellusharjoittelu on siis t\u00e4rke\u00e4 osa sukeltajan turvallisuutta ja hyvinvointia, niin harrastajille kuin kokeneillekin sukeltajille.<\/h3>\n\n\n\n<div style=\"margin-top:var(--wp--preset--spacing--10);margin-bottom:0;height:var(--wp--preset--spacing--10)\" aria-hidden=\"true\" class=\"wp-block-spacer\"><\/div>\n<\/div><\/div>\n<\/div><\/div>\n","protected":false},"excerpt":{"rendered":"<p>Seurallamme on vakituinen uimahallivuoro koko talvikauden. Liikuntakeskus Uikon uimahallissa. Syyslukukausi 2025: 26.10.-21.12. Sunnuntaisin klo 17.00 &#8211; 18.30 Kev\u00e4tlukukausi 2026: 11.1.-26.4. Sunnuntaisin klo 17.00 &#8211; 18.30 (Huom! Ei uintivuoroa 5.4. p\u00e4\u00e4si\u00e4isp\u00e4iv\u00e4n\u00e4.) Uimahalli sijaitsee osoitteessa: Kalliontie 59, 85500 Nivala Hyv\u00e4 tiet\u00e4\u00e4&#8230; Ajoita saapumisesi ENNEN klo 17.00, sill\u00e4 Uikon p\u00e4\u00e4ovet menev\u00e4t tuolloin lukkoon. K\u00e4ytet\u00e4\u00e4n p\u00e4\u00e4asiassa Uikon p\u00e4\u00e4ovea kulkemiseen. [&hellip;]<\/p>\n","protected":false},"author":1,"featured_media":0,"parent":0,"menu_order":0,"comment_status":"closed","ping_status":"closed","template":"","meta":{"footnotes":""},"class_list":["post-41","page","type-page","status-publish","hentry"],"_links":{"self":[{"href":"http:\/\/www.sukellusseuraahti.fi\/index.php\/wp-json\/wp\/v2\/pages\/41","targetHints":{"allow":["GET"]}}],"collection":[{"href":"http:\/\/www.sukellusseuraahti.fi\/index.php\/wp-json\/wp\/v2\/pages"}],"about":[{"href":"http:\/\/www.sukellusseuraahti.fi\/index.php\/wp-json\/wp\/v2\/types\/page"}],"author":[{"embeddable":true,"href":"http:\/\/www.sukellusseuraahti.fi\/index.php\/wp-json\/wp\/v2\/users\/1"}],"replies":[{"embeddable":true,"href":"http:\/\/www.sukellusseuraahti.fi\/index.php\/wp-json\/wp\/v2\/comments?post=41"}],"version-history":[{"count":14,"href":"http:\/\/www.sukellusseuraahti.fi\/index.php\/wp-json\/wp\/v2\/pages\/41\/revisions"}],"predecessor-version":[{"id":345,"href":"http:\/\/www.sukellusseuraahti.fi\/index.php\/wp-json\/wp\/v2\/pages\/41\/revisions\/345"}],"wp:attachment":[{"href":"http:\/\/www.sukellusseuraahti.fi\/index.php\/wp-json\/wp\/v2\/media?parent=41"}],"curies":[{"name":"wp","href":"https:\/\/api.w.org\/{rel}","templated":true}]}}