{"id":18,"date":"2024-11-19T19:28:17","date_gmt":"2024-11-19T19:28:17","guid":{"rendered":"https:\/\/www.sukellusseuraahti.fi\/?page_id=18"},"modified":"2026-01-22T07:12:06","modified_gmt":"2026-01-22T07:12:06","slug":"sukellusseura-ahti-sukellus-nivala","status":"publish","type":"page","link":"http:\/\/www.sukellusseuraahti.fi\/","title":{"rendered":"Sukellusseura Ahti ry."},"content":{"rendered":"\n<div class=\"wp-block-group alignfull\" style=\"padding-top:var(--wp--preset--spacing--50);padding-right:var(--wp--preset--spacing--50);padding-bottom:var(--wp--preset--spacing--50);padding-left:var(--wp--preset--spacing--50)\"><div class=\"wp-block-group__inner-container is-layout-constrained wp-container-core-group-is-layout-2 wp-block-group-is-layout-constrained\">\n<div class=\"wp-block-group\"><div class=\"wp-block-group__inner-container is-layout-constrained wp-container-core-group-is-layout-1 wp-block-group-is-layout-constrained\">\n<h1 class=\"wp-block-heading has-text-align-center has-x-large-font-size\">Sukellusseura Ahti on tiivis ja l\u00e4mminhenkinen yhteis\u00f6, jossa jokainen sukeltaja tuntee olevansa kuin kotonaan.<\/h1>\n\n\n\n<div style=\"height:1.25rem\" aria-hidden=\"true\" class=\"wp-block-spacer\"><\/div>\n\n\n\n<p class=\"has-text-align-center\">Seuramme on perustettu v.1978. J\u00e4seni\u00e4 seurassamme on n. 100 henkil\u00f6\u00e4. Toimimme p\u00e4\u00e4asiassa Pohjois-Pohjanmaan alueella, kotipit\u00e4j\u00e4mme on Haapaj\u00e4rvi. Toimintamme on vilkkainta Nivalassa, koulutustoiminta on keskittynyt Liikuntakeskus Uikkoon. <\/p>\n\n\n\n<div style=\"height:1.25rem\" aria-hidden=\"true\" class=\"wp-block-spacer\"><\/div>\n\n\n\n<div class=\"wp-block-buttons is-content-justification-center is-layout-flex wp-container-core-buttons-is-layout-1 wp-block-buttons-is-layout-flex\">\n<div class=\"wp-block-button\"><a class=\"wp-block-button__link wp-element-button\" href=\"https:\/\/www.sukellusseuraahti.fi\/index.php\/yhteydenottolomake\/\">Ota yhteytt\u00e4<\/a><\/div>\n<\/div>\n<\/div><\/div>\n\n\n\n<div style=\"height:var(--wp--preset--spacing--30)\" aria-hidden=\"true\" class=\"wp-block-spacer\"><\/div>\n\n\n\n<figure class=\"wp-block-gallery alignwide has-nested-images columns-default is-cropped wp-block-gallery-1 is-layout-flex wp-block-gallery-is-layout-flex\">\n<figure class=\"wp-block-image alignwide size-full is-style-rounded\"><img loading=\"lazy\" decoding=\"async\" width=\"2560\" height=\"1707\" src=\"http:\/\/www.sukellusseuraahti.fi\/wp-content\/uploads\/2024\/10\/sukeltajat-lipun-kanssa-scaled.jpg\" alt=\"\" class=\"wp-image-21\" srcset=\"http:\/\/www.sukellusseuraahti.fi\/wp-content\/uploads\/2024\/10\/sukeltajat-lipun-kanssa-scaled.jpg 2560w, http:\/\/www.sukellusseuraahti.fi\/wp-content\/uploads\/2024\/10\/sukeltajat-lipun-kanssa-300x200.jpg 300w, http:\/\/www.sukellusseuraahti.fi\/wp-content\/uploads\/2024\/10\/sukeltajat-lipun-kanssa-1024x683.jpg 1024w, http:\/\/www.sukellusseuraahti.fi\/wp-content\/uploads\/2024\/10\/sukeltajat-lipun-kanssa-768x512.jpg 768w, http:\/\/www.sukellusseuraahti.fi\/wp-content\/uploads\/2024\/10\/sukeltajat-lipun-kanssa-1536x1024.jpg 1536w, http:\/\/www.sukellusseuraahti.fi\/wp-content\/uploads\/2024\/10\/sukeltajat-lipun-kanssa-2048x1365.jpg 2048w\" sizes=\"auto, (max-width: 2560px) 100vw, 2560px\" \/><\/figure>\n<\/figure>\n<\/div><\/div>\n\n\n\n<div class=\"wp-block-group alignfull has-base-2-background-color has-background\" style=\"margin-top:0;margin-bottom:0;padding-top:var(--wp--preset--spacing--50);padding-right:var(--wp--preset--spacing--50);padding-bottom:var(--wp--preset--spacing--50);padding-left:var(--wp--preset--spacing--50)\"><div class=\"wp-block-group__inner-container is-layout-constrained wp-container-core-group-is-layout-4 wp-block-group-is-layout-constrained\">\n<div class=\"wp-block-group is-vertical is-content-justification-center is-layout-flex wp-container-core-group-is-layout-3 wp-block-group-is-layout-flex\">\n<h2 class=\"wp-block-heading has-text-align-center is-style-asterisk\">Tietoa meist\u00e4 ja toiminnastamme<\/h2>\n\n\n\n<div style=\"height:0px\" aria-hidden=\"true\" class=\"wp-block-spacer wp-container-content-1\"><\/div>\n\n\n\n<p class=\"has-text-align-center\">Sukellusseura Ahti ry kuuluu Sukeltajaliittoon, mik\u00e4 tarkoittaa, ett\u00e4 toimimme Sukeltajaliiton ohjeiden mukaisesti ja kaikki j\u00e4senemme ovat Sukeltajaliiton j\u00e4seni\u00e4. Sukeltajaliitto ry on sukellusharrastuksen johtava asiantuntija ja edunvalvoja Suomessa.<\/p>\n\n\n\n<p class=\"has-text-align-center\"><\/p>\n<\/div>\n\n\n\n<div style=\"margin-top:0;margin-bottom:0;height:var(--wp--preset--spacing--40)\" aria-hidden=\"true\" class=\"wp-block-spacer\"><\/div>\n\n\n\n<div class=\"wp-block-columns alignwide is-layout-flex wp-container-core-columns-is-layout-1 wp-block-columns-is-layout-flex\">\n<div class=\"wp-block-column is-layout-flow wp-block-column-is-layout-flow\">\n<h3 class=\"wp-block-heading has-text-align-left is-style-asterisk has-body-font-family has-medium-font-size\" style=\"font-style:normal;font-weight:600\"><strong>Ajankohtaista<\/strong><\/h3>\n\n\n\n<p class=\"has-text-align-left\">Tuoreimmat uutiset toiminnastamme. <strong><a href=\"https:\/\/www.sukellusseuraahti.fi\/?page_id=63&amp;preview=true\" data-type=\"link\" data-id=\"https:\/\/www.sukellusseuraahti.fi\/?page_id=63&amp;preview=true\">Lue lis\u00e4\u00e4.<\/a><\/strong><\/p>\n<\/div>\n\n\n\n<div class=\"wp-block-column is-layout-flow wp-block-column-is-layout-flow\">\n<h3 class=\"wp-block-heading has-text-align-left is-style-asterisk has-body-font-family has-medium-font-size\" style=\"font-style:normal;font-weight:600\">Hallitus<\/h3>\n\n\n\n<p class=\"has-text-align-left\">Hallituksen esittely. Ja muuta virallista puolta seuraty\u00f6st\u00e4. <strong><a href=\"https:\/\/www.sukellusseuraahti.fi\/?page_id=79&amp;preview=true\" data-type=\"link\" data-id=\"https:\/\/www.sukellusseuraahti.fi\/?page_id=79&amp;preview=true\">Lue lis\u00e4\u00e4.<\/a><\/strong><\/p>\n<\/div>\n\n\n\n<div class=\"wp-block-column is-layout-flow wp-block-column-is-layout-flow\">\n<h3 class=\"wp-block-heading has-text-align-left is-style-asterisk has-body-font-family has-medium-font-size\" style=\"font-style:normal;font-weight:600\">Uimahallivuorot<\/h3>\n\n\n\n<p>Tammi-Huhtikuussa -26, sunnuntaisin, klo 17.00-18.30. Liikuntakeskus Uikossa, Nivalassa. <strong><a href=\"https:\/\/www.sukellusseuraahti.fi\/index.php\/uimahallivuorot\/\" data-type=\"link\" data-id=\"https:\/\/www.sukellusseuraahti.fi\/index.php\/uimahallivuorot\/\">Lue lis\u00e4\u00e4.<\/a><\/strong><\/p>\n<\/div>\n<\/div>\n\n\n\n<div style=\"height:var(--wp--preset--spacing--20)\" aria-hidden=\"true\" class=\"wp-block-spacer\"><\/div>\n\n\n\n<div class=\"wp-block-columns alignwide is-layout-flex wp-container-core-columns-is-layout-2 wp-block-columns-is-layout-flex\">\n<div class=\"wp-block-column is-layout-flow wp-block-column-is-layout-flow\">\n<h3 class=\"wp-block-heading has-text-align-left is-style-asterisk has-body-font-family has-medium-font-size\" style=\"font-style:normal;font-weight:600\">Laitesukelluskokeilut<\/h3>\n\n\n\n<p class=\"has-text-align-left\">Sukelluskokeilu eli introsukellus on tarkoitettu ensimm\u00e4iseksi laitesukelluskokeiluksi. <strong><a href=\"https:\/\/www.sukellusseuraahti.fi\/?page_id=57&amp;preview=true\" data-type=\"link\" data-id=\"https:\/\/www.sukellusseuraahti.fi\/wp-admin\/post.php?post=57&amp;action=edit\">Lue lis\u00e4\u00e4.<\/a><\/strong><\/p>\n<\/div>\n\n\n\n<div class=\"wp-block-column is-layout-flow wp-block-column-is-layout-flow\">\n<h3 class=\"wp-block-heading has-text-align-left is-style-asterisk has-body-font-family has-medium-font-size\" style=\"font-style:normal;font-weight:600\">Yhteystiedot<\/h3>\n\n\n\n<p class=\"has-text-align-left\">sukellusseuraahti@gmail.com<\/p>\n<\/div>\n\n\n\n<div class=\"wp-block-column is-layout-flow wp-block-column-is-layout-flow\">\n<h3 class=\"wp-block-heading has-text-align-left is-style-asterisk has-body-font-family has-medium-font-size\" style=\"font-style:normal;font-weight:600\">Sukelluspaikat<\/h3>\n\n\n\n<p class=\"has-text-align-left\">Kotiriuttamme ja monta muuta hyv\u00e4\u00e4 sukelluspaikkaa. <a href=\"https:\/\/www.sukellusseuraahti.fi\/?page_id=99&amp;preview=true\" data-type=\"link\" data-id=\"https:\/\/www.sukellusseuraahti.fi\/?page_id=99&amp;preview=true\">Lue lis\u00e4\u00e4.<\/a><\/p>\n<\/div>\n<\/div>\n<\/div><\/div>\n\n\n\n<div class=\"wp-block-group alignfull\" style=\"margin-top:0;margin-bottom:0;padding-top:var(--wp--preset--spacing--50);padding-right:var(--wp--preset--spacing--50);padding-bottom:var(--wp--preset--spacing--50);padding-left:var(--wp--preset--spacing--50)\"><div class=\"wp-block-group__inner-container is-layout-constrained wp-container-core-group-is-layout-7 wp-block-group-is-layout-constrained\">\n<div class=\"wp-block-group alignwide\"><div class=\"wp-block-group__inner-container is-layout-constrained wp-block-group-is-layout-constrained\">\n<div class=\"wp-block-group is-vertical is-content-justification-center is-layout-flex wp-container-core-group-is-layout-5 wp-block-group-is-layout-flex\">\n<h2 class=\"wp-block-heading has-text-align-center is-style-asterisk\">Seuratoimintaa: kaasuja ja kalustoa<\/h2>\n\n\n\n<p class=\"has-text-align-center\">Veneiden, retkikaluston ja laitepakettien lis\u00e4ksi Sukellusseura Ahtilla on ajan tasalla pidetty ilma- ja kaasut\u00e4ytt\u00f6kalusto. Paineilman lis\u00e4ksi meilt\u00e4 on saatavilla kaikki tekniikkasukelluksessa k\u00e4ytett\u00e4v\u00e4t kaasut.<\/p>\n\n\n\n<p>Aloittaville sukeltajille l\u00f6ytyv\u00e4t varusteet ja laitteet harrastuksen aloittamiseen ensimm\u00e4iselle kurssille.<\/p>\n\n\n\n<p class=\"has-text-align-center\">Toiminta-ajatuksenamme on olla kaikkien sukeltajien seura. Pyrimme edist\u00e4m\u00e4\u00e4n turvallista sukeltamista kouluttamalla j\u00e4seni\u00e4mme ja tarjoamaan el\u00e4myksi\u00e4 ja tukea niin aloittelijoille kuin kokeneillekin harrastajille.<\/p>\n<\/div>\n\n\n\n<div style=\"height:var(--wp--preset--spacing--40)\" aria-hidden=\"true\" class=\"wp-block-spacer\"><\/div>\n\n\n\n<div class=\"wp-block-columns alignwide is-layout-flex wp-container-core-columns-is-layout-3 wp-block-columns-is-layout-flex\">\n<div class=\"wp-block-column is-vertically-aligned-center is-layout-flow wp-block-column-is-layout-flow\" style=\"flex-basis:40%\">\n<h3 class=\"wp-block-heading is-style-asterisk\">Sukellusta<\/h3>\n\n\n\n<ul style=\"line-height:1.75\" class=\"wp-block-list is-style-checkmark-list\">\n<li>Kes\u00e4isin sukellamme paljon l\u00e4hiseutumme kohteilla, joilla k\u00e4yd\u00e4\u00e4n jokaviikkoisilla l\u00e4hd\u00f6ill\u00e4 sek\u00e4 viikonloppuisin.<\/li>\n\n\n\n<li>J\u00e4rjest\u00e4mme ymp\u00e4ri vuoden leirej\u00e4, joista suosituin on perinteinen viikon mittainen kes\u00e4leiri Norjan vesill\u00e4. Muita sukelluskohteita ovat Suomen sis\u00e4vedet niin kes\u00e4ll\u00e4 kuin talvellakin. V\u00e4lill\u00e4 vierailemme my\u00f6s rannikolla.<\/li>\n\n\n\n<li>Lis\u00e4ksi seuran j\u00e4senet j\u00e4rjest\u00e4v\u00e4t aktiivisesti sukellusmatkoja eri puolille maailmaa.<\/li>\n\n\n\n<li>Teemme usein yhteisty\u00f6t\u00e4 my\u00f6s muiden seurojen kanssa, sek\u00e4 sukellusalan yritysten kanssa.<\/li>\n<\/ul>\n<\/div>\n\n\n\n<div class=\"wp-block-column is-layout-flow wp-block-column-is-layout-flow\" style=\"flex-basis:50%\">\n<figure class=\"wp-block-image size-full is-style-rounded\"><img loading=\"lazy\" decoding=\"async\" width=\"595\" height=\"652\" src=\"http:\/\/www.sukellusseuraahti.fi\/wp-content\/uploads\/2024\/10\/koko-suomi-sukeltaa.jpg\" alt=\"\" class=\"wp-image-12\" srcset=\"http:\/\/www.sukellusseuraahti.fi\/wp-content\/uploads\/2024\/10\/koko-suomi-sukeltaa.jpg 595w, http:\/\/www.sukellusseuraahti.fi\/wp-content\/uploads\/2024\/10\/koko-suomi-sukeltaa-274x300.jpg 274w\" sizes=\"auto, (max-width: 595px) 100vw, 595px\" \/><\/figure>\n<\/div>\n<\/div>\n\n\n\n<div style=\"height:var(--wp--preset--spacing--40)\" aria-hidden=\"true\" class=\"wp-block-spacer\"><\/div>\n\n\n\n<div class=\"wp-block-columns alignwide is-layout-flex wp-container-core-columns-is-layout-4 wp-block-columns-is-layout-flex\">\n<div class=\"wp-block-column is-layout-flow wp-block-column-is-layout-flow\" style=\"flex-basis:50%\">\n<figure class=\"wp-block-image size-full is-style-rounded\"><img loading=\"lazy\" decoding=\"async\" width=\"595\" height=\"652\" src=\"http:\/\/www.sukellusseuraahti.fi\/wp-content\/uploads\/2024\/10\/Seura-on-sukeltajan-koti.jpg\" alt=\"\" class=\"wp-image-14\" srcset=\"http:\/\/www.sukellusseuraahti.fi\/wp-content\/uploads\/2024\/10\/Seura-on-sukeltajan-koti.jpg 595w, http:\/\/www.sukellusseuraahti.fi\/wp-content\/uploads\/2024\/10\/Seura-on-sukeltajan-koti-274x300.jpg 274w\" sizes=\"auto, (max-width: 595px) 100vw, 595px\" \/><\/figure>\n<\/div>\n\n\n\n<div class=\"wp-block-column is-vertically-aligned-center is-layout-flow wp-block-column-is-layout-flow\" style=\"flex-basis:40%\">\n<h3 class=\"wp-block-heading is-style-asterisk\">Koulutus<\/h3>\n\n\n\n<ul style=\"line-height:1.75\" class=\"wp-block-list is-style-checkmark-list\">\n<li>Sukellusseura Ahti ry kouluttaa j\u00e4seni\u00e4\u00e4n sukeltamaan kansainv\u00e4lisen CMAS -koulutusj\u00e4rjestelm\u00e4n standardien mukaisesti.<\/li>\n\n\n\n<li>J\u00e4rjest\u00e4mme vuosittain kysynn\u00e4n mukaan laitesukelluksen peruskurssin (CMAS One Star Diver), jatkokurssin (CMAS Two Star Diver) sek\u00e4 syvent\u00e4v\u00e4n jatkokurssin (CMAS Three Star Diver) sek\u00e4 erikoiskursseja nitrox- ja kuivapukukursseista l\u00e4hikouluttajakursseihin. (CMAS M1 ja M2, Technical skills, Advanced Nitrox, Recreational Trimix, Trimix Gas Blender, Ice Diver)<\/li>\n<\/ul>\n<\/div>\n<\/div>\n<\/div><\/div>\n<\/div><\/div>\n\n\n\n<div class=\"wp-block-group alignfull has-base-color has-accent-2-background-color has-text-color has-background\" style=\"margin-top:0;margin-bottom:0;padding-top:var(--wp--preset--spacing--60);padding-right:var(--wp--preset--spacing--60);padding-bottom:var(--wp--preset--spacing--60);padding-left:var(--wp--preset--spacing--60)\"><div class=\"wp-block-group__inner-container is-layout-constrained wp-container-core-group-is-layout-10 wp-block-group-is-layout-constrained\">\n<div class=\"wp-block-group\"><div class=\"wp-block-group__inner-container is-layout-constrained wp-block-group-is-layout-constrained\">\n<p class=\"has-text-align-center has-base-color has-text-color has-heading-font-family has-x-large-font-size\" style=\"line-height:1.2\"><em>\u201cHypp\u00e4\u00e4 mukaan seikkailuun. Parhaimmillaan l\u00f6yd\u00e4t mahtavan harrastuksen itsellesi.\u201d<\/em><\/p>\n\n\n\n<div style=\"height:var(--wp--preset--spacing--10)\" aria-hidden=\"true\" class=\"wp-block-spacer\"><\/div>\n\n\n\n<div class=\"wp-block-group is-vertical is-content-justification-center is-nowrap is-layout-flex wp-container-core-group-is-layout-8 wp-block-group-is-layout-flex\">\n<figure class=\"wp-block-gallery aligncenter has-nested-images columns-default is-cropped wp-block-gallery-2 is-layout-flex wp-block-gallery-is-layout-flex\">\n<figure class=\"wp-block-image size-thumbnail\"><img loading=\"lazy\" decoding=\"async\" width=\"150\" height=\"150\" src=\"https:\/\/www.sukellusseuraahti.fi\/wp-content\/uploads\/2024\/10\/sukeltaja-Niina-1-150x150.jpg\" alt=\"\" class=\"wp-image-36\"\/><\/figure>\n<\/figure>\n\n\n\n<p class=\"has-text-align-center\" style=\"margin-top:var(--wp--preset--spacing--10);margin-bottom:0\">Niina Haapala<\/p>\n\n\n\n<p class=\"has-text-align-center has-base-2-color has-text-color has-small-font-size\" style=\"font-style:normal;font-weight:300\"><strong>puheenjohtaja<\/strong><\/p>\n<\/div>\n<\/div><\/div>\n<\/div><\/div>\n\n\n\n<ul class=\"wp-block-social-links is-layout-flex wp-block-social-links-is-layout-flex\"><li class=\"wp-social-link wp-social-link-facebook  wp-block-social-link\"><a href=\"https:\/\/www.facebook.com\/sukellusseuraahti\" class=\"wp-block-social-link-anchor\"><svg width=\"24\" height=\"24\" viewBox=\"0 0 24 24\" version=\"1.1\" xmlns=\"http:\/\/www.w3.org\/2000\/svg\" aria-hidden=\"true\" focusable=\"false\"><path d=\"M12 2C6.5 2 2 6.5 2 12c0 5 3.7 9.1 8.4 9.9v-7H7.9V12h2.5V9.8c0-2.5 1.5-3.9 3.8-3.9 1.1 0 2.2.2 2.2.2v2.5h-1.3c-1.2 0-1.6.8-1.6 1.6V12h2.8l-.4 2.9h-2.3v7C18.3 21.1 22 17 22 12c0-5.5-4.5-10-10-10z\"><\/path><\/svg><span class=\"wp-block-social-link-label screen-reader-text\">Facebook<\/span><\/a><\/li>\n\n<li class=\"wp-social-link wp-social-link-instagram  wp-block-social-link\"><a href=\"https:\/\/www.instagram.com\/sukellusseuraahti\/\" class=\"wp-block-social-link-anchor\"><svg width=\"24\" height=\"24\" viewBox=\"0 0 24 24\" version=\"1.1\" xmlns=\"http:\/\/www.w3.org\/2000\/svg\" aria-hidden=\"true\" focusable=\"false\"><path d=\"M12,4.622c2.403,0,2.688,0.009,3.637,0.052c0.877,0.04,1.354,0.187,1.671,0.31c0.42,0.163,0.72,0.358,1.035,0.673 c0.315,0.315,0.51,0.615,0.673,1.035c0.123,0.317,0.27,0.794,0.31,1.671c0.043,0.949,0.052,1.234,0.052,3.637 s-0.009,2.688-0.052,3.637c-0.04,0.877-0.187,1.354-0.31,1.671c-0.163,0.42-0.358,0.72-0.673,1.035 c-0.315,0.315-0.615,0.51-1.035,0.673c-0.317,0.123-0.794,0.27-1.671,0.31c-0.949,0.043-1.233,0.052-3.637,0.052 s-2.688-0.009-3.637-0.052c-0.877-0.04-1.354-0.187-1.671-0.31c-0.42-0.163-0.72-0.358-1.035-0.673 c-0.315-0.315-0.51-0.615-0.673-1.035c-0.123-0.317-0.27-0.794-0.31-1.671C4.631,14.688,4.622,14.403,4.622,12 s0.009-2.688,0.052-3.637c0.04-0.877,0.187-1.354,0.31-1.671c0.163-0.42,0.358-0.72,0.673-1.035 c0.315-0.315,0.615-0.51,1.035-0.673c0.317-0.123,0.794-0.27,1.671-0.31C9.312,4.631,9.597,4.622,12,4.622 M12,3 C9.556,3,9.249,3.01,8.289,3.054C7.331,3.098,6.677,3.25,6.105,3.472C5.513,3.702,5.011,4.01,4.511,4.511 c-0.5,0.5-0.808,1.002-1.038,1.594C3.25,6.677,3.098,7.331,3.054,8.289C3.01,9.249,3,9.556,3,12c0,2.444,0.01,2.751,0.054,3.711 c0.044,0.958,0.196,1.612,0.418,2.185c0.23,0.592,0.538,1.094,1.038,1.594c0.5,0.5,1.002,0.808,1.594,1.038 c0.572,0.222,1.227,0.375,2.185,0.418C9.249,20.99,9.556,21,12,21s2.751-0.01,3.711-0.054c0.958-0.044,1.612-0.196,2.185-0.418 c0.592-0.23,1.094-0.538,1.594-1.038c0.5-0.5,0.808-1.002,1.038-1.594c0.222-0.572,0.375-1.227,0.418-2.185 C20.99,14.751,21,14.444,21,12s-0.01-2.751-0.054-3.711c-0.044-0.958-0.196-1.612-0.418-2.185c-0.23-0.592-0.538-1.094-1.038-1.594 c-0.5-0.5-1.002-0.808-1.594-1.038c-0.572-0.222-1.227-0.375-2.185-0.418C14.751,3.01,14.444,3,12,3L12,3z M12,7.378 c-2.552,0-4.622,2.069-4.622,4.622S9.448,16.622,12,16.622s4.622-2.069,4.622-4.622S14.552,7.378,12,7.378z M12,15 c-1.657,0-3-1.343-3-3s1.343-3,3-3s3,1.343,3,3S13.657,15,12,15z M16.804,6.116c-0.596,0-1.08,0.484-1.08,1.08 s0.484,1.08,1.08,1.08c0.596,0,1.08-0.484,1.08-1.08S17.401,6.116,16.804,6.116z\"><\/path><\/svg><span class=\"wp-block-social-link-label screen-reader-text\">Instagram<\/span><\/a><\/li>\n\n<\/ul>\n\n\n\n\n\n<p><\/p>\n","protected":false},"excerpt":{"rendered":"<p>Sukellusseura Ahti on tiivis ja l\u00e4mminhenkinen yhteis\u00f6, jossa jokainen sukeltaja tuntee olevansa kuin kotonaan. Seuramme on perustettu v.1978. J\u00e4seni\u00e4 seurassamme on n. 100 henkil\u00f6\u00e4. Toimimme p\u00e4\u00e4asiassa Pohjois-Pohjanmaan alueella, kotipit\u00e4j\u00e4mme on Haapaj\u00e4rvi. Toimintamme on vilkkainta Nivalassa, koulutustoiminta on keskittynyt Liikuntakeskus Uikkoon. Tietoa meist\u00e4 ja toiminnastamme Sukellusseura Ahti ry kuuluu Sukeltajaliittoon, mik\u00e4 tarkoittaa, ett\u00e4 toimimme Sukeltajaliiton ohjeiden [&hellip;]<\/p>\n","protected":false},"author":1,"featured_media":19,"parent":0,"menu_order":0,"comment_status":"closed","ping_status":"closed","template":"","meta":{"footnotes":""},"class_list":["post-18","page","type-page","status-publish","has-post-thumbnail","hentry"],"_links":{"self":[{"href":"http:\/\/www.sukellusseuraahti.fi\/index.php\/wp-json\/wp\/v2\/pages\/18","targetHints":{"allow":["GET"]}}],"collection":[{"href":"http:\/\/www.sukellusseuraahti.fi\/index.php\/wp-json\/wp\/v2\/pages"}],"about":[{"href":"http:\/\/www.sukellusseuraahti.fi\/index.php\/wp-json\/wp\/v2\/types\/page"}],"author":[{"embeddable":true,"href":"http:\/\/www.sukellusseuraahti.fi\/index.php\/wp-json\/wp\/v2\/users\/1"}],"replies":[{"embeddable":true,"href":"http:\/\/www.sukellusseuraahti.fi\/index.php\/wp-json\/wp\/v2\/comments?post=18"}],"version-history":[{"count":32,"href":"http:\/\/www.sukellusseuraahti.fi\/index.php\/wp-json\/wp\/v2\/pages\/18\/revisions"}],"predecessor-version":[{"id":327,"href":"http:\/\/www.sukellusseuraahti.fi\/index.php\/wp-json\/wp\/v2\/pages\/18\/revisions\/327"}],"wp:featuredmedia":[{"embeddable":true,"href":"http:\/\/www.sukellusseuraahti.fi\/index.php\/wp-json\/wp\/v2\/media\/19"}],"wp:attachment":[{"href":"http:\/\/www.sukellusseuraahti.fi\/index.php\/wp-json\/wp\/v2\/media?parent=18"}],"curies":[{"name":"wp","href":"https:\/\/api.w.org\/{rel}","templated":true}]}}